{"id":1003,"date":"2020-03-05T14:21:59","date_gmt":"2020-03-05T13:21:59","guid":{"rendered":"https:\/\/hadit.es\/contacto\/"},"modified":"2021-03-17T20:44:37","modified_gmt":"2021-03-17T19:44:37","slug":"contact","status":"publish","type":"page","link":"https:\/\/hadit.es\/en\/contact\/","title":{"rendered":"Contact"},"content":{"rendered":"<div class=\"wpb-content-wrapper\">[vc_row el_class=&#8221;page-titular&#8221;][vc_column width=&#8221;1\/2&#8243;][vc_column_text]\n<h2>Should you wish to get in touch, please email us at <a style=\"text-decoration: underline;\" href=\"mailto:arq@hadit.es\"><strong>arq@hadit.es<\/strong><\/a><\/h2>\n[\/vc_column_text][vc_empty_space height=&#8221;100px&#8221; el_class=&#8221;espacio-100&#8243;][vc_column_text]\n<h5><strong>Hadit Arquitectos<\/strong><\/h5>\n<p>&nbsp;<\/p>\n<h5><a href=\"https:\/\/goo.gl\/maps\/PFS9x1tK25FJF7VR8\" target=\"_blank\" rel=\"noopener noreferrer\">Avenida Pa\u00eds Valenci\u00e0 20, 3<br \/>\n46117 B\u00e9tera, Valencia<br \/>\nSpain<\/a><\/h5>\n<p>&nbsp;<\/p>\n<h5><a href=\"tel:+34963380767\" target=\"_blank\" rel=\"noopener noreferrer\">+34 963 380 767<\/a><\/h5>\n<h5><a style=\"text-decoration: underline;\" href=\"mailto:arq@hadit.es\" target=\"_blank\" rel=\"noopener noreferrer\">arq@hadit.es<\/a><\/h5>\n[\/vc_column_text][\/vc_column][vc_column width=&#8221;1\/2&#8243;][\/vc_column][\/vc_row][vc_row thb_full_width=&#8221;true&#8221; thb_row_padding=&#8221;true&#8221; css=&#8221;.vc_custom_1583501380025{margin-top: 100px !important;margin-right: 0px !important;margin-left: 0px !important;}&#8221;][vc_column]\t<div class=\"contact_map_parent \" style=\"min-height:60vh\">\n\t\t<div class=\"contact_map\" data-map-style=\"[\n    {\n        &quot;featureType&quot;: &quot;administrative&quot;,\n        &quot;elementType&quot;: &quot;all&quot;,\n        &quot;stylers&quot;: [\n            {\n                &quot;saturation&quot;: &quot;-100&quot;\n            }\n        ]\n    },\n    {\n        &quot;featureType&quot;: &quot;administrative.province&quot;,\n        &quot;elementType&quot;: &quot;all&quot;,\n        &quot;stylers&quot;: [\n            {\n                &quot;visibility&quot;: &quot;off&quot;\n            },\n            {\n                &quot;lightness&quot;: &quot;0&quot;\n            }\n        ]\n    },\n    {\n        &quot;featureType&quot;: &quot;landscape&quot;,\n        &quot;elementType&quot;: &quot;all&quot;,\n        &quot;stylers&quot;: [\n            {\n                &quot;saturation&quot;: &quot;-100&quot;\n            },\n            {\n                &quot;lightness&quot;: &quot;10&quot;\n            },\n            {\n                &quot;visibility&quot;: &quot;on&quot;\n            }\n        ]\n    },\n    {\n        &quot;featureType&quot;: &quot;poi&quot;,\n        &quot;elementType&quot;: &quot;all&quot;,\n        &quot;stylers&quot;: [\n            {\n                &quot;saturation&quot;: -100\n            },\n            {\n                &quot;lightness&quot;: &quot;15&quot;\n            },\n            {\n                &quot;visibility&quot;: &quot;simplified&quot;\n            }\n        ]\n    },\n    {\n        &quot;featureType&quot;: &quot;road&quot;,\n        &quot;elementType&quot;: &quot;all&quot;,\n        &quot;stylers&quot;: [\n            {\n                &quot;saturation&quot;: &quot;-100&quot;\n            },\n            {\n                &quot;gamma&quot;: &quot;0.00&quot;\n            },\n            {\n                &quot;lightness&quot;: &quot;75&quot;\n            }\n        ]\n    },\n    {\n        &quot;featureType&quot;: &quot;road.highway&quot;,\n        &quot;elementType&quot;: &quot;all&quot;,\n        &quot;stylers&quot;: [\n            {\n                &quot;visibility&quot;: &quot;simplified&quot;\n            }\n        ]\n    },\n    {\n        &quot;featureType&quot;: &quot;road.arterial&quot;,\n        &quot;elementType&quot;: &quot;all&quot;,\n        &quot;stylers&quot;: [\n            {\n                &quot;lightness&quot;: &quot;30&quot;\n            }\n        ]\n    },\n    {\n        &quot;featureType&quot;: &quot;road.local&quot;,\n        &quot;elementType&quot;: &quot;all&quot;,\n        &quot;stylers&quot;: [\n            {\n                &quot;lightness&quot;: &quot;40&quot;\n            }\n        ]\n    },\n    {\n        &quot;featureType&quot;: &quot;transit&quot;,\n        &quot;elementType&quot;: &quot;all&quot;,\n        &quot;stylers&quot;: [\n            {\n                &quot;saturation&quot;: -100\n            },\n            {\n                &quot;visibility&quot;: &quot;simplified&quot;\n            }\n        ]\n    },\n    {\n        &quot;featureType&quot;: &quot;water&quot;,\n        &quot;elementType&quot;: &quot;geometry&quot;,\n        &quot;stylers&quot;: [\n            {\n                &quot;hue&quot;: &quot;#ffff00&quot;\n            },\n            {\n                &quot;lightness&quot;: -25\n            },\n            {\n                &quot;saturation&quot;: -97\n            }\n        ]\n    },\n    {\n        &quot;featureType&quot;: &quot;water&quot;,\n        &quot;elementType&quot;: &quot;labels&quot;,\n        &quot;stylers&quot;: [\n            {\n                &quot;lightness&quot;: -25\n            },\n            {\n                &quot;saturation&quot;: -100\n            }\n        ]\n    }\n]\" data-map-zoom=\"18\" data-map-type=\"roadmap\" data-pan-control=\"\" data-zoom-control=\"\" data-maptype-control=\"\" data-scale-control=\"\" data-streetview-control=\"\">\n\t\t\t\t\n\t<input class=\"thb-location\" type=\"hidden\" data-option=\"{&quot;marker_image&quot;:&quot;https:\\\/\\\/hadit.es\\\/wp-content\\\/uploads\\\/2020\\\/03\\\/map-marker.svg&quot;,&quot;marker_title&quot;:&quot;Hadit Arquitectos&quot;,&quot;marker_description&quot;:&quot;Avenida Pa\\u00eds Valenci\\u00e0 20, 3&lt;br \\\/&gt;\\n46117 B\\u00e9tera, Valencia&lt;br \\\/&gt;\\nEspa\\u00f1a&quot;,&quot;marker_size&quot;:[0,0],&quot;retina_marker&quot;:&quot;&quot;,&quot;latitude&quot;:&quot;39.591120&quot;,&quot;longitude&quot;:&quot;-0.465390&quot;}\" \/>\n\t\n\t\t\t<\/div>\n\t\t\t<\/div>\n\t[\/vc_column][\/vc_row][vc_row][vc_column][vc_raw_html]JTNDaHRtbCUzRSUzQ3N0eWxlJTIwdHlwZSUzRCUyMnRleHQlMkZjc3MlMjIlM0UuZm9vdGVyLnN0eWxlMi5kYXJrJTIwJTdCbWFyZ2luJTNBMCUzQiU3RCUzQyUyRnN0eWxlJTNFJTNDJTJGaHRtbCUzRQ==[\/vc_raw_html][\/vc_column][\/vc_row]\n<\/div>","protected":false},"excerpt":{"rendered":"<p>[vc_row el_class=&#8221;page-titular&#8221;][vc_column width=&#8221;1\/2&#8243;][vc_column_text] Should you wish to get in touch, please email us at arq@hadit.es [\/vc_column_text][vc_empty_space height=&#8221;100px&#8221; el_class=&#8221;espacio-100&#8243;][vc_column_text] Hadit Arquitectos &nbsp; Avenida Pa\u00eds Valenci\u00e0 20, 3 46117 B\u00e9tera, Valencia Spain &nbsp; +34 963 380 767 arq@hadit.es [\/vc_column_text][\/vc_column][vc_column width=&#8221;1\/2&#8243;][\/vc_column][\/vc_row][vc_row thb_full_width=&#8221;true&#8221; thb_row_padding=&#8221;true&#8221; css=&#8221;.vc_custom_1583501380025{margin-top: 100px !important;margin-right: 0px !important;margin-left: 0px !important;}&#8221;][vc_column][\/vc_column][\/vc_row][vc_row][vc_column][vc_raw_html]JTNDaHRtbCUzRSUzQ3N0eWxlJTIwdHlwZSUzRCUyMnRleHQlMkZjc3MlMjIlM0UuZm9vdGVyLnN0eWxlMi5kYXJrJTIwJTdCbWFyZ2luJTNBMCUzQiU3RCUzQyUyRnN0eWxlJTNFJTNDJTJGaHRtbCUzRQ==[\/vc_raw_html][\/vc_column][\/vc_row]<\/p>\n","protected":false},"author":1,"featured_media":0,"parent":0,"menu_order":0,"comment_status":"closed","ping_status":"closed","template":"","meta":{"footnotes":""},"class_list":["post-1003","page","type-page","status-publish","hentry"],"_links":{"self":[{"href":"https:\/\/hadit.es\/en\/wp-json\/wp\/v2\/pages\/1003","targetHints":{"allow":["GET"]}}],"collection":[{"href":"https:\/\/hadit.es\/en\/wp-json\/wp\/v2\/pages"}],"about":[{"href":"https:\/\/hadit.es\/en\/wp-json\/wp\/v2\/types\/page"}],"author":[{"embeddable":true,"href":"https:\/\/hadit.es\/en\/wp-json\/wp\/v2\/users\/1"}],"replies":[{"embeddable":true,"href":"https:\/\/hadit.es\/en\/wp-json\/wp\/v2\/comments?post=1003"}],"version-history":[{"count":1,"href":"https:\/\/hadit.es\/en\/wp-json\/wp\/v2\/pages\/1003\/revisions"}],"predecessor-version":[{"id":1490,"href":"https:\/\/hadit.es\/en\/wp-json\/wp\/v2\/pages\/1003\/revisions\/1490"}],"wp:attachment":[{"href":"https:\/\/hadit.es\/en\/wp-json\/wp\/v2\/media?parent=1003"}],"curies":[{"name":"wp","href":"https:\/\/api.w.org\/{rel}","templated":true}]}}